{"id":21,"date":"2023-07-03T14:20:49","date_gmt":"2023-07-03T14:20:49","guid":{"rendered":"https:\/\/ncp.org.br\/v1\/?page_id=21"},"modified":"2025-12-09T21:49:15","modified_gmt":"2025-12-10T00:49:15","slug":"quem-somos","status":"publish","type":"page","link":"https:\/\/ncp.org.br\/v1\/quem-somos\/","title":{"rendered":"Quem Somos"},"content":{"rendered":"\r\n<p><img loading=\"lazy\" decoding=\"async\" class=\"alignnone size-medium wp-image-83\" src=\"https:\/\/ncp.org.br\/v1\/wp-content\/uploads\/2024\/02\/NCP-Nucleo-da-cidadania-petroleira-300x94.jpg\" alt=\"\" width=\"300\" height=\"94\" srcset=\"https:\/\/ncp.org.br\/v1\/wp-content\/uploads\/2024\/02\/NCP-Nucleo-da-cidadania-petroleira-300x94.jpg 300w, https:\/\/ncp.org.br\/v1\/wp-content\/uploads\/2024\/02\/NCP-Nucleo-da-cidadania-petroleira-150x47.jpg 150w, https:\/\/ncp.org.br\/v1\/wp-content\/uploads\/2024\/02\/NCP-Nucleo-da-cidadania-petroleira.jpg 413w\" sizes=\"auto, (max-width: 300px) 100vw, 300px\" \/><\/p>\r\n<p>&nbsp;<\/p>\r\n<p style=\"text-align: justify;\">O <span style=\"color: #008000;\"><strong>NCP \u2013 N\u00facleo da Cidadania Petroleira<\/strong><\/span>, teve a ideia de sua funda\u00e7\u00e3o em 2006, quando foram iniciadas as discuss\u00f5es da repactua\u00e7\u00e3o e do AOR que dividiu a categoria em 75% de repactuantes e 25% de n\u00e3orepactuantes. O AOR perdoou 2\/3 das d\u00edvidas da patrocinadora Petrobr\u00e1s com seu Fundo Petros. Dos R$ 13,5 bilh\u00f5es pedidos com a a\u00e7\u00e3o judicial de 2001, \u201csindicalistas\u201d governistas aceitaram receber somente R$ 4,6 bilh\u00f5es.<\/p>\r\n<p style=\"text-align: justify;\">A representa\u00e7\u00e3o sindical estava com o foco num projeto de poder partid\u00e1rio e sem a autonomia e independ\u00eancia necess\u00e1rias e indispens\u00e1veis para fazer a defesa classista dos interesses e direitos da<br \/>categoria petroleira, notadamente a PETROS e a AMS \u2013 esse o diagn\u00f3stico a que chegamos.<\/p>\r\n<p style=\"text-align: justify;\">Portanto se fez necess\u00e1rio ter uma entidade classista e apartid\u00e1ria de \u00e2mbito nacional, com personalidade jur\u00eddica para representar e fazer a defesa de todos os petroleiros (as) com a mesma linha de pensamento e que estavam indignados e prejudicados com os constantes e repetidos acordos feitos pelas entidades sindicais. Rasgaram contratos hist\u00f3ricos, reduziram direitos adquiridos. Na verdade, s\u00f3 favoreceram aos governos e \u00e0s patrocinadoras aliviando ou isentando delas cumprirem os seus compromissos para com a PETROS.<\/p>\r\n<p style=\"text-align: justify;\">No tocante ao aparelhamento partid\u00e1rio da PETROS, foram realizados investimentos err\u00e1ticos e que geraram v\u00e1rios equacionamentos que reduziram pela metade as aposentadorias e pens\u00f5es.<\/p>\r\n<p style=\"text-align: justify;\">A Assist\u00eancia M\u00e9dica Supletiva &#8211; AMS &#8211; foi privatizada. Foi criada a Associa\u00e7\u00e3o Petrobr\u00e1s de Sa\u00fade \u2013 APS, que \u00e9 um plano terceirizado e muito caro pelas v\u00e1rias mudan\u00e7as nos acordos coletivos lesivos e em preju\u00edzo da categoria.<\/p>\r\n<p style=\"text-align: justify;\">A luta di\u00e1ria do NCP \u00e9 informar, alertar e debater com a categoria sobre os ataques aos nossos direitos e buscar por todas as vias, inclusive a judicial, a defesa e manuten\u00e7\u00e3o dos nossos direitos adquiridos e contratos que foram conquistados com muita luta por v\u00e1rias gera\u00e7\u00f5es de petroleiros que constru\u00edram o sistema Petrobr\u00e1s e PETROS e hoje s\u00e3o relegados pelas patrocinadoras, e pela sua pr\u00f3pria representa\u00e7\u00e3o outrora classista.<\/p>\r\n<p style=\"text-align: justify;\">O NCP entende que s\u00f3 com a verdadeira uni\u00e3o da categoria petroleira com foco objetivo na sustentabilidade e defesa da PETROS livre de aparelhamentos partid\u00e1rios-sindicais e na vis\u00e3o que a AMS Petrobr\u00e1s \u00e9 um direito adquirido, poderemos impedir a extin\u00e7\u00e3o dessa importante categoria &#8211; a PETROS j\u00e1 est\u00e1 com quatro equacionamentos levando metade da nossa aposentadoria e a AMS j\u00e1 est\u00e1 terceirizada pela APS e absurdamente cara e com servi\u00e7os precarizados.<\/p>\r\n<p>Alguns documentos mais espec\u00edficos abaixo\u00a0<\/p>\r\n<p style=\"text-align: justify;\"><a href=\"https:\/\/ncp.org.br\/v1\/wp-content\/uploads\/2025\/12\/Apresentacao_dos_trabalhos_do_NCP_-_quem_somos-2025_11_15.pdf\">Apresenta\u00e7\u00e3o_dos_trabalhos_do_NCP<\/a><\/p>\r\n<p style=\"text-align: justify;\"><a href=\"https:\/\/ncp.org.br\/v1\/wp-content\/uploads\/2025\/12\/A-BASE-IDEOLOGICA-DO-NUCLEO-DE-CIDADANIA-PETROLEIRA.pdf\">A BASE IDEOL\u00d3GICA DO N\u00daCLEO DE CIDADANIA PETROLEIRA<\/a><img decoding=\"async\" class=\"wp-image-69\" src=\"https:\/\/ncp.org.br\/v1\/wp-content\/uploads\/2024\/01\/NCP-YOUTUBE.png\" alt=\"\" \/><\/p>\r\n\r\n\r\n\r\n\r\n\r\n<figure class=\"wp-block-image\"><img decoding=\"async\" class=\"wp-image-69\" src=\"https:\/\/ncp.org.br\/v1\/wp-content\/uploads\/2024\/01\/NCP-YOUTUBE.png\" alt=\"\" \/><\/figure>\r\n","protected":false},"excerpt":{"rendered":"<p>&nbsp; O NCP \u2013 N\u00facleo da Cidadania Petroleira, teve a ideia de sua funda\u00e7\u00e3o em 2006, quando foram iniciadas as discuss\u00f5es da repactua\u00e7\u00e3o e do AOR que dividiu a categoria em 75% de repactuantes e 25% de n\u00e3orepactuantes. O AOR perdoou 2\/3 das d\u00edvidas da patrocinadora Petrobr\u00e1s com seu Fundo&#8230; <a class=\"continue-reading-link\" href=\"https:\/\/ncp.org.br\/v1\/quem-somos\/\">Leia mais<\/a><\/p>\n","protected":false},"author":1,"featured_media":0,"parent":0,"menu_order":0,"comment_status":"closed","ping_status":"closed","template":"","meta":{"footnotes":""},"class_list":["post-21","page","type-page","status-publish","hentry"],"_links":{"self":[{"href":"https:\/\/ncp.org.br\/v1\/wp-json\/wp\/v2\/pages\/21","targetHints":{"allow":["GET"]}}],"collection":[{"href":"https:\/\/ncp.org.br\/v1\/wp-json\/wp\/v2\/pages"}],"about":[{"href":"https:\/\/ncp.org.br\/v1\/wp-json\/wp\/v2\/types\/page"}],"author":[{"embeddable":true,"href":"https:\/\/ncp.org.br\/v1\/wp-json\/wp\/v2\/users\/1"}],"replies":[{"embeddable":true,"href":"https:\/\/ncp.org.br\/v1\/wp-json\/wp\/v2\/comments?post=21"}],"version-history":[{"count":6,"href":"https:\/\/ncp.org.br\/v1\/wp-json\/wp\/v2\/pages\/21\/revisions"}],"predecessor-version":[{"id":170,"href":"https:\/\/ncp.org.br\/v1\/wp-json\/wp\/v2\/pages\/21\/revisions\/170"}],"wp:attachment":[{"href":"https:\/\/ncp.org.br\/v1\/wp-json\/wp\/v2\/media?parent=21"}],"curies":[{"name":"wp","href":"https:\/\/api.w.org\/{rel}","templated":true}]}}