{"id":27,"date":"2023-07-03T14:21:53","date_gmt":"2023-07-03T14:21:53","guid":{"rendered":"https:\/\/ncp.org.br\/v1\/?page_id=27"},"modified":"2025-12-11T22:31:18","modified_gmt":"2025-12-12T01:31:18","slug":"noticias-e-comunicados","status":"publish","type":"page","link":"https:\/\/ncp.org.br\/v1\/noticias-e-comunicados\/","title":{"rendered":"Not\u00edcias e Comunicados"},"content":{"rendered":"\r\n<div class=\"wp-block-query is-layout-flow wp-block-query-is-layout-flow\"><ul class=\"is-flex-container columns-3 wp-block-post-template is-layout-flow wp-block-post-template-is-layout-flow\"><li class=\"wp-block-post post-177 post type-post status-publish format-standard hentry category-geral\">\r\n\r\n\r\n<div class=\"wp-block-group\" style=\"padding: 30px;\"><div class=\"wp-block-group__inner-container is-layout-flow wp-block-group-is-layout-flow\"><a href=\"http:\/\/vaka.me\/5489872?utm_campaign=whatsapp&amp;utm_medium=website&amp;utm_content=5489872&amp;utm_source=social-shares\">LINK PARA VAKINHA- MANIFESTA\u00c7\u00c3O PETROLEIROS EM BRAS\u00cdLIA\u00a0<\/a><h2 class=\"wp-block-post-title\"><a href=\"https:\/\/ncp.org.br\/v1\/dia-nacional-dos-aposentados-e-pensionistas-24-de-janeiro\/\" target=\"_self\" >Dia nacional dos aposentados e pensionistas &#8211; 24 de janeiro<\/a><\/h2>\r\n\r\n<div class=\"wp-block-post-excerpt\"><p class=\"wp-block-post-excerpt__excerpt\">Leia mais <\/p><\/div>\r\n\r\n<div class=\"wp-block-post-date\"><time datetime=\"2026-01-24T09:34:04-03:00\">24 de janeiro de 2026<\/time><\/div><\/div>\r\n<div><a href=\"https:\/\/ncp.org.br\/v1\/wp-content\/uploads\/2025\/12\/INFORMACOES-SOBRE-A-ACP-DE-RECOMPOSICAO-DO-CUSTEIO-PETROS.pdf\">INFORMA\u00c7\u00d5ES SOBRE A ACP DE RECOMPOSI\u00c7\u00c3O DO CUSTEIO PETROS<\/a><\/div>\r\n<div><a href=\"https:\/\/ncp.org.br\/v1\/wp-content\/uploads\/2025\/12\/2025-12-04-APRESENTACAO-ACAO-COLETIVA-DE-RECOMPOSICAO-DO-CUSTEIO-DO-PPSP-NCP.ppsx.pptx\">2025 12 04 &#8211; APRESENTA\u00c7\u00c3O A\u00c7\u00c3O COLETIVA DE RECOMPOSI\u00c7\u00c3O DO CUSTEIO DO PPSP NCP.ppsx<\/a><\/div>\r\n<div>\u00a0<\/div><\/div>\r\n<\/li><li class=\"wp-block-post post-158 post type-post status-publish format-standard hentry category-geral\">\r\n\r\n\r\n<div class=\"wp-block-group\" style=\"padding: 30px;\"><div class=\"wp-block-group__inner-container is-layout-flow wp-block-group-is-layout-flow\"><a href=\"http:\/\/vaka.me\/5489872?utm_campaign=whatsapp&amp;utm_medium=website&amp;utm_content=5489872&amp;utm_source=social-shares\">LINK PARA VAKINHA- MANIFESTA\u00c7\u00c3O PETROLEIROS EM BRAS\u00cdLIA\u00a0<\/a><h2 class=\"wp-block-post-title\"><a href=\"https:\/\/ncp.org.br\/v1\/aniversario-72-anos-petrobras\/\" target=\"_self\" >Anivers\u00e1rio 72 anos Petrobras<\/a><\/h2>\r\n\r\n<div class=\"wp-block-post-excerpt\"><p class=\"wp-block-post-excerpt__excerpt\">Leia mais <\/p><\/div>\r\n\r\n<div class=\"wp-block-post-date\"><time datetime=\"2025-10-06T21:29:37-03:00\">6 de outubro de 2025<\/time><\/div><\/div>\r\n<div><a href=\"https:\/\/ncp.org.br\/v1\/wp-content\/uploads\/2025\/12\/INFORMACOES-SOBRE-A-ACP-DE-RECOMPOSICAO-DO-CUSTEIO-PETROS.pdf\">INFORMA\u00c7\u00d5ES SOBRE A ACP DE RECOMPOSI\u00c7\u00c3O DO CUSTEIO PETROS<\/a><\/div>\r\n<div><a href=\"https:\/\/ncp.org.br\/v1\/wp-content\/uploads\/2025\/12\/2025-12-04-APRESENTACAO-ACAO-COLETIVA-DE-RECOMPOSICAO-DO-CUSTEIO-DO-PPSP-NCP.ppsx.pptx\">2025 12 04 &#8211; APRESENTA\u00c7\u00c3O A\u00c7\u00c3O COLETIVA DE RECOMPOSI\u00c7\u00c3O DO CUSTEIO DO PPSP NCP.ppsx<\/a><\/div>\r\n<div>\u00a0<\/div><\/div>\r\n<\/li><li class=\"wp-block-post post-130 post type-post status-publish format-standard hentry category-geral\">\r\n\r\n\r\n<div class=\"wp-block-group\" style=\"padding: 30px;\"><div class=\"wp-block-group__inner-container is-layout-flow wp-block-group-is-layout-flow\"><a href=\"http:\/\/vaka.me\/5489872?utm_campaign=whatsapp&amp;utm_medium=website&amp;utm_content=5489872&amp;utm_source=social-shares\">LINK PARA VAKINHA- MANIFESTA\u00c7\u00c3O PETROLEIROS EM BRAS\u00cdLIA\u00a0<\/a><h2 class=\"wp-block-post-title\"><a href=\"https:\/\/ncp.org.br\/v1\/noticia-manifestacao-dos-petroleiros-aposentados-em-brasilia\/\" target=\"_self\" >Not\u00edcia Manifesta\u00e7\u00e3o dos Petroleiros Aposentados Em Bras\u00edlia<\/a><\/h2>\r\n\r\n<div class=\"wp-block-post-excerpt\"><p class=\"wp-block-post-excerpt__excerpt\">MANIFESTA\u00c7\u00c3O DOS APOSENTADOS PETROLEIROS EM BRAS\u00cdLIA. EXPOSI\u00c7\u00c3O DE MOTIVOS: AP\u00d3S 3 ANOS DO GOVERNO LULA, A SITUA\u00c7\u00c3O DOS APOSENTADOS PETROLEIROS \u00c9 A SEGUINTE: 1. 3 PEDS DO PETROS BD LEVANDO QUASE METADE DAS NOSSAS APOSENTADORIAS E PENS\u00d5ES. 2. DEFASAGEM M\u00c9DIA DOS BENEF\u00cdCIOS PETROS EM 43%. (Estudo revela que petroleiros aposentados&#8230; Leia mais <\/p><\/div>\r\n\r\n<div class=\"wp-block-post-date\"><time datetime=\"2025-05-10T23:24:52-03:00\">10 de maio de 2025<\/time><\/div><\/div>\r\n<div><a href=\"https:\/\/ncp.org.br\/v1\/wp-content\/uploads\/2025\/12\/INFORMACOES-SOBRE-A-ACP-DE-RECOMPOSICAO-DO-CUSTEIO-PETROS.pdf\">INFORMA\u00c7\u00d5ES SOBRE A ACP DE RECOMPOSI\u00c7\u00c3O DO CUSTEIO PETROS<\/a><\/div>\r\n<div><a href=\"https:\/\/ncp.org.br\/v1\/wp-content\/uploads\/2025\/12\/2025-12-04-APRESENTACAO-ACAO-COLETIVA-DE-RECOMPOSICAO-DO-CUSTEIO-DO-PPSP-NCP.ppsx.pptx\">2025 12 04 &#8211; APRESENTA\u00c7\u00c3O A\u00c7\u00c3O COLETIVA DE RECOMPOSI\u00c7\u00c3O DO CUSTEIO DO PPSP NCP.ppsx<\/a><\/div>\r\n<div>\u00a0<\/div><\/div>\r\n<\/li><li class=\"wp-block-post post-45 post type-post status-publish format-standard hentry category-ams\">\r\n\r\n\r\n<div class=\"wp-block-group\" style=\"padding: 30px;\"><div class=\"wp-block-group__inner-container is-layout-flow wp-block-group-is-layout-flow\"><a href=\"http:\/\/vaka.me\/5489872?utm_campaign=whatsapp&amp;utm_medium=website&amp;utm_content=5489872&amp;utm_source=social-shares\">LINK PARA VAKINHA- MANIFESTA\u00c7\u00c3O PETROLEIROS EM BRAS\u00cdLIA\u00a0<\/a><h2 class=\"wp-block-post-title\"><a href=\"https:\/\/ncp.org.br\/v1\/noticia-comunicado-sobre-ams\/\" target=\"_self\" >Noticia \/ comunicado sobre AMS<\/a><\/h2>\r\n\r\n<div class=\"wp-block-post-excerpt\"><p class=\"wp-block-post-excerpt__excerpt\">Leia mais <\/p><\/div>\r\n\r\n<div class=\"wp-block-post-date\"><time datetime=\"2023-07-03T14:32:48-03:00\">3 de julho de 2023<\/time><\/div><\/div>\r\n<div><a href=\"https:\/\/ncp.org.br\/v1\/wp-content\/uploads\/2025\/12\/INFORMACOES-SOBRE-A-ACP-DE-RECOMPOSICAO-DO-CUSTEIO-PETROS.pdf\">INFORMA\u00c7\u00d5ES SOBRE A ACP DE RECOMPOSI\u00c7\u00c3O DO CUSTEIO PETROS<\/a><\/div>\r\n<div><a href=\"https:\/\/ncp.org.br\/v1\/wp-content\/uploads\/2025\/12\/2025-12-04-APRESENTACAO-ACAO-COLETIVA-DE-RECOMPOSICAO-DO-CUSTEIO-DO-PPSP-NCP.ppsx.pptx\">2025 12 04 &#8211; APRESENTA\u00c7\u00c3O A\u00c7\u00c3O COLETIVA DE RECOMPOSI\u00c7\u00c3O DO CUSTEIO DO PPSP NCP.ppsx<\/a><\/div>\r\n<div>\u00a0<\/div><\/div>\r\n<\/li><li class=\"wp-block-post post-43 post type-post status-publish format-standard hentry category-petros\">\r\n\r\n\r\n<div class=\"wp-block-group\" style=\"padding: 30px;\"><div class=\"wp-block-group__inner-container is-layout-flow wp-block-group-is-layout-flow\"><a href=\"http:\/\/vaka.me\/5489872?utm_campaign=whatsapp&amp;utm_medium=website&amp;utm_content=5489872&amp;utm_source=social-shares\">LINK PARA VAKINHA- MANIFESTA\u00c7\u00c3O PETROLEIROS EM BRAS\u00cdLIA\u00a0<\/a><h2 class=\"wp-block-post-title\"><a href=\"https:\/\/ncp.org.br\/v1\/noticia-comunicado-petros\/\" target=\"_self\" >Noticia \/ comunicado PETROS<\/a><\/h2>\r\n\r\n<div class=\"wp-block-post-excerpt\"><p class=\"wp-block-post-excerpt__excerpt\">Texto da noticia Leia mais <\/p><\/div>\r\n\r\n<div class=\"wp-block-post-date\"><time datetime=\"2023-07-03T14:32:28-03:00\">3 de julho de 2023<\/time><\/div><\/div>\r\n<div><a href=\"https:\/\/ncp.org.br\/v1\/wp-content\/uploads\/2025\/12\/INFORMACOES-SOBRE-A-ACP-DE-RECOMPOSICAO-DO-CUSTEIO-PETROS.pdf\">INFORMA\u00c7\u00d5ES SOBRE A ACP DE RECOMPOSI\u00c7\u00c3O DO CUSTEIO PETROS<\/a><\/div>\r\n<div><a href=\"https:\/\/ncp.org.br\/v1\/wp-content\/uploads\/2025\/12\/2025-12-04-APRESENTACAO-ACAO-COLETIVA-DE-RECOMPOSICAO-DO-CUSTEIO-DO-PPSP-NCP.ppsx.pptx\">2025 12 04 &#8211; APRESENTA\u00c7\u00c3O A\u00c7\u00c3O COLETIVA DE RECOMPOSI\u00c7\u00c3O DO CUSTEIO DO PPSP NCP.ppsx<\/a><\/div>\r\n<div>\u00a0<\/div><\/div>\r\n<\/li><li class=\"wp-block-post post-41 post type-post status-publish format-standard hentry category-petrobras\">\r\n\r\n\r\n<div class=\"wp-block-group\" style=\"padding: 30px;\"><div class=\"wp-block-group__inner-container is-layout-flow wp-block-group-is-layout-flow\"><a href=\"http:\/\/vaka.me\/5489872?utm_campaign=whatsapp&amp;utm_medium=website&amp;utm_content=5489872&amp;utm_source=social-shares\">LINK PARA VAKINHA- MANIFESTA\u00c7\u00c3O PETROLEIROS EM BRAS\u00cdLIA\u00a0<\/a><h2 class=\"wp-block-post-title\"><a href=\"https:\/\/ncp.org.br\/v1\/noticia-comunicado-petrobras\/\" target=\"_self\" >Not\u00edcia\/ Comunicado Petrobr\u00e1s<\/a><\/h2>\r\n\r\n<div class=\"wp-block-post-excerpt\"><p class=\"wp-block-post-excerpt__excerpt\">texto da not\u00edcia\/comunicado Leia mais <\/p><\/div>\r\n\r\n<div class=\"wp-block-post-date\"><time datetime=\"2023-07-03T14:31:50-03:00\">3 de julho de 2023<\/time><\/div><\/div>\r\n<div><a href=\"https:\/\/ncp.org.br\/v1\/wp-content\/uploads\/2025\/12\/INFORMACOES-SOBRE-A-ACP-DE-RECOMPOSICAO-DO-CUSTEIO-PETROS.pdf\">INFORMA\u00c7\u00d5ES SOBRE A ACP DE RECOMPOSI\u00c7\u00c3O DO CUSTEIO PETROS<\/a><\/div>\r\n<div><a href=\"https:\/\/ncp.org.br\/v1\/wp-content\/uploads\/2025\/12\/2025-12-04-APRESENTACAO-ACAO-COLETIVA-DE-RECOMPOSICAO-DO-CUSTEIO-DO-PPSP-NCP.ppsx.pptx\">2025 12 04 &#8211; APRESENTA\u00c7\u00c3O A\u00c7\u00c3O COLETIVA DE RECOMPOSI\u00c7\u00c3O DO CUSTEIO DO PPSP NCP.ppsx<\/a><\/div>\r\n<div>\u00a0<\/div><\/div>\r\n<\/li><\/ul><\/div>\r\n","protected":false},"excerpt":{"rendered":"<p> <a class=\"continue-reading-link\" href=\"https:\/\/ncp.org.br\/v1\/noticias-e-comunicados\/\">Leia mais<\/a><\/p>\n","protected":false},"author":1,"featured_media":0,"parent":0,"menu_order":0,"comment_status":"closed","ping_status":"closed","template":"","meta":{"footnotes":""},"class_list":["post-27","page","type-page","status-publish","hentry"],"_links":{"self":[{"href":"https:\/\/ncp.org.br\/v1\/wp-json\/wp\/v2\/pages\/27","targetHints":{"allow":["GET"]}}],"collection":[{"href":"https:\/\/ncp.org.br\/v1\/wp-json\/wp\/v2\/pages"}],"about":[{"href":"https:\/\/ncp.org.br\/v1\/wp-json\/wp\/v2\/types\/page"}],"author":[{"embeddable":true,"href":"https:\/\/ncp.org.br\/v1\/wp-json\/wp\/v2\/users\/1"}],"replies":[{"embeddable":true,"href":"https:\/\/ncp.org.br\/v1\/wp-json\/wp\/v2\/comments?post=27"}],"version-history":[{"count":4,"href":"https:\/\/ncp.org.br\/v1\/wp-json\/wp\/v2\/pages\/27\/revisions"}],"predecessor-version":[{"id":174,"href":"https:\/\/ncp.org.br\/v1\/wp-json\/wp\/v2\/pages\/27\/revisions\/174"}],"wp:attachment":[{"href":"https:\/\/ncp.org.br\/v1\/wp-json\/wp\/v2\/media?parent=27"}],"curies":[{"name":"wp","href":"https:\/\/api.w.org\/{rel}","templated":true}]}}