{"id":31,"date":"2023-07-03T14:22:33","date_gmt":"2023-07-03T14:22:33","guid":{"rendered":"https:\/\/ncp.org.br\/v1\/?page_id=31"},"modified":"2025-10-06T21:25:16","modified_gmt":"2025-10-07T00:25:16","slug":"fale-conosco","status":"publish","type":"page","link":"https:\/\/ncp.org.br\/v1\/fale-conosco\/","title":{"rendered":"Fale Conosco"},"content":{"rendered":"\r\n<p>N\u00facleo da Cidadania Petroleira \u2013 NCP. (Fundado em 02\/12\/2009).<br \/>Endere\u00e7o: Avenida Ant\u00f4nio Carlos Magalh\u00e3es, 846, Sala 227, Edf. Max Center, Itaigara, CEP-41825.000,<br \/>Salvador-Ba. (Em Frente ao Edf. Torre Pituba-Sede da Petrobras)<\/p>\r\n<p><br \/>TEL: 071-991028994<\/p>\r\n<p>Facebook: N\u00facleo da Cidadania Petroleira\u00a0<\/p>\r\n<p>Youtube: N\u00facleo da Cidadania Petroleira\u00a0<\/p>\r\n<p>Instagram: ncp.petroleiros<\/p>\r\n<p>E-mail: <a href=\"mailto:nucleodacidadaniapetroleira@gmail.com\" target=\"_blank\" rel=\"noreferrer noopener\">nucleodacidadaniapetroleira@gmail.com<\/a><\/p>\r\n","protected":false},"excerpt":{"rendered":"<p>N\u00facleo da Cidadania Petroleira \u2013 NCP. (Fundado em 02\/12\/2009).Endere\u00e7o: Avenida Ant\u00f4nio Carlos Magalh\u00e3es, 846, Sala 227, Edf. Max Center, Itaigara, CEP-41825.000,Salvador-Ba. (Em Frente ao Edf. Torre Pituba-Sede da Petrobras) TEL: 071-991028994 Facebook: N\u00facleo da Cidadania Petroleira\u00a0 Youtube: N\u00facleo da Cidadania Petroleira\u00a0 Instagram: ncp.petroleiros E-mail: nucleodacidadaniapetroleira@gmail.com <a class=\"continue-reading-link\" href=\"https:\/\/ncp.org.br\/v1\/fale-conosco\/\">Leia mais<\/a><\/p>\n","protected":false},"author":1,"featured_media":0,"parent":0,"menu_order":0,"comment_status":"closed","ping_status":"closed","template":"","meta":{"footnotes":""},"class_list":["post-31","page","type-page","status-publish","hentry"],"_links":{"self":[{"href":"https:\/\/ncp.org.br\/v1\/wp-json\/wp\/v2\/pages\/31","targetHints":{"allow":["GET"]}}],"collection":[{"href":"https:\/\/ncp.org.br\/v1\/wp-json\/wp\/v2\/pages"}],"about":[{"href":"https:\/\/ncp.org.br\/v1\/wp-json\/wp\/v2\/types\/page"}],"author":[{"embeddable":true,"href":"https:\/\/ncp.org.br\/v1\/wp-json\/wp\/v2\/users\/1"}],"replies":[{"embeddable":true,"href":"https:\/\/ncp.org.br\/v1\/wp-json\/wp\/v2\/comments?post=31"}],"version-history":[{"count":2,"href":"https:\/\/ncp.org.br\/v1\/wp-json\/wp\/v2\/pages\/31\/revisions"}],"predecessor-version":[{"id":154,"href":"https:\/\/ncp.org.br\/v1\/wp-json\/wp\/v2\/pages\/31\/revisions\/154"}],"wp:attachment":[{"href":"https:\/\/ncp.org.br\/v1\/wp-json\/wp\/v2\/media?parent=31"}],"curies":[{"name":"wp","href":"https:\/\/api.w.org\/{rel}","templated":true}]}}